{"id":49,"date":"2015-11-20T17:15:34","date_gmt":"2015-11-20T16:15:34","guid":{"rendered":"http:\/\/www.centrogramsci.it\/wp\/?page_id=49"},"modified":"2016-09-24T19:28:21","modified_gmt":"2016-09-24T17:28:21","slug":"edizioni-gramsci-2","status":"publish","type":"page","link":"https:\/\/www.centrogramsci.it\/?page_id=49","title":{"rendered":"EDIZIONI GRAMSCI"},"content":{"rendered":"<table cellspacing=\"1\">\n<tbody>\n<tr>\n<td style=\"width: 214px; vertical-align: middle;\"><a href=\"https:\/\/www.centrogramsci.it\/edizioni\/pdf\/classe_op.pdf\" target=\"_blank\"><img loading=\"lazy\" decoding=\"async\" class=\"aligncenter wp-image-52 size-full\" src=\"https:\/\/www.centrogramsci.it\/wp\/wp-content\/uploads\/2015\/11\/classe.gif\" alt=\"classe\" width=\"214\" height=\"304\" \/><\/a><\/td>\n<td style=\"vertical-align: middle; text-align: justify;\"><span style=\"font-family: tahoma, arial, helvetica, sans-serif; font-size: 10pt;\">Ci\u00f2 che pi\u00f9 profondamente interessa e appassiona Gramsci \u00e8 il problema della creazione di un nuovo Stato, dello Stato operaio, il problema dell\u2019egemonia della classe operaia nella societ\u00e0 moderna e della funzione degli intellettuali e della cultura in questo nuovo Stato e in questa societ\u00e0. Egli scrive: &#8230;dal momento in cui un gruppo subalterno diventa realmente autonomo ed egemone suscitando un nuovo tipo di Stato, nasce concretamente l\u2019esigenza di costituire un nuovo ordine intellettuale e morale, cio\u00e8 un nuovo tipo di societ\u00e0 e quindi l\u2019esigenza di elaborare i concetti pi\u00f9 universali, le armi ideologiche pi\u00f9 raffinate e decisive.<\/span><\/td>\n<\/tr>\n<tr>\n<td style=\"width: 214px; vertical-align: middle;\"><\/td>\n<td style=\"vertical-align: middle; text-align: justify;\"><\/td>\n<\/tr>\n<tr>\n<td style=\"vertical-align: middle;\"><a href=\"http:\/\/issuu.com\/centrogramsci\/docs\/opuscolo_cms\/0\" target=\"_blank\"><img loading=\"lazy\" decoding=\"async\" class=\"alignnone size-full wp-image-53\" src=\"https:\/\/www.centrogramsci.it\/wp\/wp-content\/uploads\/2015\/11\/quadernocms.gif\" alt=\"quadernocms\" width=\"214\" height=\"304\" \/><\/a><\/td>\n<td style=\"vertical-align: middle;\"><span style=\"font-size: 10pt; font-family: tahoma, arial, helvetica, sans-serif;\">In allestimento..<\/span><\/td>\n<\/tr>\n<tr>\n<td style=\"vertical-align: middle;\"><\/td>\n<td style=\"vertical-align: middle;\"><\/td>\n<\/tr>\n<tr>\n<td style=\"vertical-align: middle;\"><a href=\"https:\/\/www.centrogramsci.it\/wp\/wp-content\/uploads\/2015\/11\/lotta.gif\"><img loading=\"lazy\" decoding=\"async\" class=\"alignnone size-full wp-image-54\" src=\"https:\/\/www.centrogramsci.it\/wp\/wp-content\/uploads\/2015\/11\/lotta.gif\" alt=\"lotta\" width=\"214\" height=\"304\" \/><\/a><\/td>\n<td style=\"text-align: justify; vertical-align: middle;\"><span style=\"font-family: tahoma, arial, helvetica, sans-serif; font-size: 10pt;\">In questo volume sono raccolte le ultime cinque riviste <i>Gramsci<\/i>. Una raccolta per approfondire fatti decisivi della realt\u00e0 della lotta di classe e temi significativi del dibattito culturale.<\/span><\/td>\n<\/tr>\n<tr>\n<td style=\"vertical-align: middle;\"><\/td>\n<td style=\"text-align: justify; vertical-align: middle;\"><\/td>\n<\/tr>\n<tr>\n<td style=\"vertical-align: middle;\"><a href=\"https:\/\/www.centrogramsci.it\/edizioni\/pdf\/educ_gramsciana.pdf\" target=\"_blank\"><img loading=\"lazy\" decoding=\"async\" class=\"alignnone size-full wp-image-55\" src=\"https:\/\/www.centrogramsci.it\/wp\/wp-content\/uploads\/2015\/11\/educazioneg.gif\" alt=\"educazioneg\" width=\"214\" height=\"304\" \/><\/a><\/td>\n<td style=\"text-align: justify; vertical-align: middle;\"><span style=\"font-family: tahoma, arial, helvetica, sans-serif; font-size: 10pt;\">Ai giovani lavoratori e ricercatori d&#8217;avanguardia. Dalla forza delle idee ai costruttori della<span class=\"Apple-converted-space\">\u00a0<\/span><em>Citt\u00e0 Futura.<\/em><\/span><\/td>\n<\/tr>\n<tr>\n<td style=\"vertical-align: middle;\"><\/td>\n<td style=\"text-align: justify; vertical-align: middle;\"><\/td>\n<\/tr>\n<tr>\n<td style=\"vertical-align: middle;\"><a href=\"https:\/\/www.centrogramsci.it\/edizioni\/pdf\/Gey.pdf\" target=\"_blank\"><img loading=\"lazy\" decoding=\"async\" class=\"alignnone size-full wp-image-57\" src=\"https:\/\/www.centrogramsci.it\/wp\/wp-content\/uploads\/2015\/11\/mgeymonat.gif\" alt=\"mgeymonat\" width=\"214\" height=\"304\" \/><\/a><\/td>\n<td style=\"text-align: justify; vertical-align: middle;\"><span style=\"font-family: tahoma, arial, helvetica, sans-serif; font-size: 10pt;\">Opera di importanza fondamentale per l&#8217;evoluzione politica e scientifica, illustrante il pensiero del grande studioso marxista Ludovico Geymonat.<\/span><\/td>\n<\/tr>\n<tr>\n<td style=\"vertical-align: middle;\"><\/td>\n<td style=\"text-align: justify; vertical-align: middle;\"><\/td>\n<\/tr>\n<tr>\n<td style=\"vertical-align: middle;\"><a href=\"https:\/\/www.centrogramsci.it\/edizioni\/pdf\/antonini_scavo.pdf\" target=\"_blank\"><img loading=\"lazy\" decoding=\"async\" class=\"alignnone size-full wp-image-58\" src=\"https:\/\/www.centrogramsci.it\/wp\/wp-content\/uploads\/2015\/11\/decentramento.gif\" alt=\"decentramento\" width=\"214\" height=\"304\" \/><\/a><\/td>\n<td style=\"vertical-align: middle;\">\n<p style=\"text-align: justify;\" align=\"justify\"><span style=\"font-family: tahoma, arial, helvetica, sans-serif; font-size: 10pt;\">Ennio Antonini e Pietro Scavo<\/span><\/p>\n<p style=\"text-align: justify;\" align=\"justify\"><span style=\"font-family: tahoma, arial, helvetica, sans-serif; font-size: 10pt;\">Quaderni di Nuova Unit\u00e0, temi di analisi marxista-leninista, fondata da Fosco Dinucci nel 1967.<\/span><\/p>\n<\/td>\n<\/tr>\n<tr>\n<td style=\"vertical-align: middle;\"><\/td>\n<td style=\"vertical-align: middle;\"><\/td>\n<\/tr>\n<tr>\n<td style=\"vertical-align: middle;\"><a href=\"https:\/\/www.centrogramsci.it\/edizioni\/pdf\/storia_comunisti_teramani.pdf\" target=\"_blank\"><img loading=\"lazy\" decoding=\"async\" class=\"alignnone size-full wp-image-59\" src=\"https:\/\/www.centrogramsci.it\/wp\/wp-content\/uploads\/2015\/11\/teramani.gif\" alt=\"teramani\" width=\"214\" height=\"304\" \/><\/a><\/td>\n<td style=\"vertical-align: middle;\">\n<p style=\"text-align: justify;\"><em><span style=\"font-family: tahoma, arial, helvetica, sans-serif; font-size: 10pt;\">L&#8217;assemblea \u00e8 presieduta da Sandro Melarangelo, Luigi Di Loreto, Ennio Antonini, e Pio Macera che tiene la relazione introduttiva. Al termine dell&#8217;assemblea, caratterizzata da un appassionato dibattito, viene eletto un Esecutivo provvisorio composto dai compagni Sandro Melarangelo, Pio Macera, Fausto Lucca, Paola Romani, Fiore Di Giacinto, Antonio Assogna, Giancarlo Alonzo, Gabriele Pizii e Ennio Antonini. Dopo alcue riunioni, nel corso delle quali si affronta il problema di un adeguamento unitario per via del PCd&#8217;I (m-l) non ancora disciolto, l&#8217;Esecutivo indice una nuova assemblea presso la sala della CGIL di Teramo. Al termine della stessa l&#8217;Esecutivo viene confermato nei compagni Sandro Melarangelo, Pio Macera, Gabriele Pizii, Antonio Assogna, Giancarlo Alonzo, Fausto Lucca, Lodina Di Pietro, e Fiore Di Giacinto che viene nominato segretario provinciale. <\/span><\/em><span style=\"font-family: tahoma, arial, helvetica, sans-serif; font-size: 10pt;\">(pag. 124)<\/span><\/p>\n<p style=\"text-align: justify;\"><span style=\"font-family: tahoma, arial, helvetica, sans-serif; font-size: 10pt;\">N.b. &#8220;L&#8217;<em>adeguamento unitario <\/em>fu chiesto dalla componente cossuttiana di <em>Teramo centro,<\/em>secondo l&#8217;indirizzo amorfo di massa impresso dal gruppo dirigente Garavignano al <em>Movimento della Rifondazione comunista,<\/em> a detrimento del carattere di classe espresso principalmente dalla compagna Paola Romani del <em>Consiglio di fabbrica<\/em>della Monti.&#8221;<\/span><\/p>\n<\/td>\n<\/tr>\n<tr>\n<td style=\"vertical-align: middle;\"><\/td>\n<td style=\"vertical-align: middle;\"><\/td>\n<\/tr>\n<tr>\n<td style=\"vertical-align: middle;\"><a href=\"https:\/\/www.centrogramsci.it\/edizioni\/pdf\/crisi_capitalismo_fascismo.pdf\" target=\"_blank\"><img loading=\"lazy\" decoding=\"async\" class=\"alignnone size-full wp-image-60\" src=\"https:\/\/www.centrogramsci.it\/wp\/wp-content\/uploads\/2015\/11\/crisi.gif\" alt=\"crisi\" width=\"214\" height=\"304\" \/><\/a><\/td>\n<td style=\"text-align: justify; vertical-align: middle;\"><span style=\"font-family: tahoma, arial, helvetica, sans-serif; font-size: 10pt;\"><i>Dunque, questo invito a tenere una relazione al vostro importante convegno \u00e8 da una parte garanzia del carattere non frazionista o correntizio della vostra iniziativa, dall&#8217;altro \u00e8 segno di un&#8217;apertura unitaria vera: occorre imparare a discutere da compagni e fra compagni, anche a partire da orientamenti diversi&#8230;.<\/i>(pag. 69)<i><br \/>\nConsentitemi infine di aggiungere che vorrei assegnare a questa mia partecipazione anche il significato di una piccola ma assai convinta testimonianza affinch\u00e8 cadano, finalmente e definitivamente, fra i comunisti le discriminazioni verso alcune provenienze in quanto tali, nella fattispecie verso quella marxista-leninista.<\/i><i>&#8230;<\/i>(pag. 70)<\/span><\/td>\n<\/tr>\n<tr>\n<td style=\"vertical-align: middle;\"><\/td>\n<td style=\"text-align: justify; vertical-align: middle;\"><\/td>\n<\/tr>\n<tr>\n<td style=\"vertical-align: middle;\"><a href=\"https:\/\/www.centrogramsci.it\/edizioni\/pdf\/quaderni_nuova_unita.pdf\" target=\"_blank\"><img loading=\"lazy\" decoding=\"async\" class=\"alignnone size-full wp-image-61\" src=\"https:\/\/www.centrogramsci.it\/wp\/wp-content\/uploads\/2015\/11\/quad_nuova_unita.gif\" alt=\"quad_nuova_unita\" width=\"214\" height=\"304\" \/><\/a><\/td>\n<td style=\"vertical-align: middle;\"><span style=\"font-family: tahoma, arial, helvetica, sans-serif; font-size: 10pt;\">in allestimento..<\/span><\/td>\n<\/tr>\n<tr>\n<td style=\"vertical-align: middle;\"><\/td>\n<td style=\"vertical-align: middle;\"><\/td>\n<\/tr>\n<tr>\n<td style=\"vertical-align: middle;\"><a href=\"https:\/\/www.centrogramsci.it\/edizioni\/pdf\/VI_congresso_pcdi_m-l.pdf\" target=\"_blank\"><img loading=\"lazy\" decoding=\"async\" class=\"alignnone size-full wp-image-62\" src=\"https:\/\/www.centrogramsci.it\/wp\/wp-content\/uploads\/2015\/11\/IVcongresso.gif\" alt=\"IVcongresso\" width=\"214\" height=\"304\" \/><\/a><\/td>\n<td style=\"text-align: justify; vertical-align: middle;\"><span style=\"font-family: tahoma, arial, helvetica, sans-serif; font-size: 10pt;\"><i>Il compagno Fosco Dinucci, sottolineando il significato del Congresso tenuto nella capitale d&#8217;Italia e aperto agli invitati, alla partecipazione e al contributo di altre forze della Sinistra, ha rivolto un saluto, esprimendo soddisfazione per la loro presenza, ai molti intervenuti, fra cui i rappresentanti delle Ambasciate della Repubblica socialista di Cecoslovacchia e della Repubblica popolare di Polonia, al dirigente del PCI inviato come osservatore, al rappresentante di DP&#8230;<\/i>(pag. 8)<i><br \/>\nE, per i gravi pericoli di guerra che incombono sul nostro paese, sull&#8217;Europa e su tutti i continenti, la causa risiede nelle multinazionali, nel complesso militare-industriale statunitense, di cui l&#8217;Amministrazione Reagan rappresenta direttamente gli interessi con la sua politica di dominio e di aggressione contro i popoli, contro il sistema socialista&#8230;<\/i>(pag. 10)<i><br \/>\nCome insegnano il marxismo-leninismo e la realt\u00e0 dello scontro di classe, l&#8217;esperienza concreta di lotta su obiettivi immediatamente percepibili, con i suoi risultati positivi e negativi, unita a un continuo impegno chiarificatore, porta all&#8217;approfondimento della coscienza rivoluzionaria tra le masse. Nello stesso tempo i lavoratori lottano per strappare al padronato condizioni di vita meno dure. Per le rivendicazioni, per le esigenze immediate dei lavoratori, per un movimento di massa unitario, il nostro Partito ha lanciato la proposta dell&#8217;alternativa di sinistra basata<br \/>\nsu un programma di lotte, per un governo senza e contro la DC&#8230;<\/i>(pag. 11)<i><br \/>\nL&#8217;unit\u00e0 politica, ideologica e organizzativa dei comunisti \u00e8, nella concreta situazione storica del nostro paese, un processo n\u00e8 semplice n\u00e8 facile, verso cui tuttavia spingono le necessit\u00e0 della lotta di classe.<br \/>\nNoi pensiamo che il modo migliore di procedere su questa strada sia quello di approfondire il confronto e sviluppare la battaglia comune ritrovandosi in forme idonee e lottando fianco a fianco tra le masse lavoratrici, nel sindacato, nei Consigli di fabbrica, per l&#8217;organizzazione dei giovani e delle donne, nel movimento della pace&#8230;<\/i>(pag. 23)<\/span><\/td>\n<\/tr>\n<tr>\n<td style=\"vertical-align: middle;\"><\/td>\n<td style=\"text-align: justify; vertical-align: middle;\"><\/td>\n<\/tr>\n<tr>\n<td style=\"vertical-align: middle;\"><a href=\"https:\/\/www.centrogramsci.it\/edizioni\/pdf\/forza_essere_comunisti.pdf\" target=\"_blank\"><img loading=\"lazy\" decoding=\"async\" class=\"alignnone size-full wp-image-65\" src=\"https:\/\/www.centrogramsci.it\/wp\/wp-content\/uploads\/2015\/11\/forza_essere_comunisti.gif\" alt=\"forza_essere_comunisti\" width=\"214\" height=\"304\" \/><\/a><\/td>\n<td style=\"text-align: justify; vertical-align: middle;\"><span style=\"font-family: tahoma, arial, helvetica, sans-serif; font-size: 10pt;\"><i>E&#8217; comunista oggi in Italia chi non rinnega la sua origine dal Partito di Gramsci, sorto a Livorno nel 1921, proprio in contrapposizione all&#8217;opportunismo dei dirigenti del Partito so-cialista, chi \u00e8 cosciente che questa giusta scelta permise di con-tinuare la lotta contro la dittatura fascista nelle pi\u00f9 difficili condizioni della clandestinit\u00e0 &#8211; ci\u00f2 che pu\u00f2 fare solo un partito leninista sul piano ideologico, politico e organizzativo, come dimostra la storia -, fino alla guida della lotta armata di liberazio-ne contro il nazi-fascismo durante la seconda guerra mondiale.<br \/>\nIn un paese come l&#8217;Italia, dominato dal capitalismo, \u00e8 comunista chi non si limita all&#8217;impegno nelle lotte rivendicative immediate, pur necessarie nell&#8217;interesse dei lavoratori, ma prepara anche cambiamenti radicali della societ\u00e0 nel senso dell&#8217;obiettivo fondamentale della classe operaia: la presa del potere politico. Per questo si batte contro il potere dei monopoli, delle oligarchie finanziarie, delle multinazionali, contro la reazione fascista, contro i partiti che sono espressione del potere borghese, a cominciare dalla Democrazia cristiana. In estrema sintesi: il comunista ha una visione degli avvenimenti interni e internazionali come lotta di classe e da questa visione trae l&#8217;impegno per lottare contro l&#8217;oppressione e lo sfruttamento, per far sorgere una societ\u00e0 di liberi ed eguali. <\/i>(Pagg. 5-6)<\/span><\/td>\n<\/tr>\n<tr>\n<td style=\"vertical-align: middle;\"><\/td>\n<td style=\"text-align: justify; vertical-align: middle;\"><\/td>\n<\/tr>\n<tr>\n<td style=\"vertical-align: middle;\"><a href=\"https:\/\/www.centrogramsci.it\/edizioni\/pdf\/III_congresso_pcdi_m-l.pdf\" target=\"_blank\"><img loading=\"lazy\" decoding=\"async\" class=\"alignnone size-full wp-image-64\" src=\"https:\/\/www.centrogramsci.it\/wp\/wp-content\/uploads\/2015\/11\/congresso.gif\" alt=\"congresso\" width=\"214\" height=\"304\" \/><\/a><\/td>\n<td style=\"text-align: justify; vertical-align: middle;\"><em><span style=\"font-family: tahoma, arial, helvetica, sans-serif; font-size: 10pt;\">La lotta per unire la classe operaia \u00e8 fondamentale, perch\u00e8 nelle condizioni del nostro paese l&#8217;obiettivo strategico \u00e8 direttamente la rivoluzione proletaria. La rivoluzione proletaria \u00e8 un fatto che si pone e che va risolto, ma la vittoria del proletariato sulla borghesia dipendente dalla capacit\u00e0 della classe operaia di svolgere la sua funzione dirigente, di muoversi in modo autonomo, indipendente, al di fuori e contro l&#8217;influenza della borghesia&#8230;Le masse giovanili hanno svolto in questi anni un ruolo decisivo nella lotta anticapitalista, rivelandosi degne eredi delle migliori tradizioni di lotta del nostro popolo&#8230;L&#8217;emancipazione della donna \u00e8 strettamente legata al processo di emancipazione della classe operaia, perch\u00e8 solo con l&#8217;abolizione della propriet\u00e0 privata, in una societ\u00e0 socialista, si creano le condizioni materiali per liberare la donna della piccola economia familiare, dalle barriete delle quattro mura domestiche, per inserirla nel processo produttivo, rendendola protagonista attiva della propria emancipazione, in una societ\u00e0 libera da ogni forma di sfruttamento.<\/span><\/em><\/td>\n<\/tr>\n<tr>\n<td style=\"vertical-align: middle;\"><\/td>\n<td style=\"text-align: justify; vertical-align: middle;\"><\/td>\n<\/tr>\n<tr>\n<td style=\"vertical-align: middle;\"><a href=\"https:\/\/www.centrogramsci.it\/edizioni\/pdf\/scritti_nella_lotta.pdf\" target=\"_blank\"><img loading=\"lazy\" decoding=\"async\" class=\"alignnone size-full wp-image-63\" src=\"https:\/\/www.centrogramsci.it\/wp\/wp-content\/uploads\/2015\/11\/scritti.gif\" alt=\"scritti\" width=\"214\" height=\"304\" \/><\/a><\/td>\n<td style=\"vertical-align: middle;\"><span style=\"font-family: tahoma, arial, helvetica, sans-serif; font-size: 10pt;\">In allestimento..<\/span><\/td>\n<\/tr>\n<\/tbody>\n<\/table>\n","protected":false},"excerpt":{"rendered":"<p>Ci\u00f2 che pi\u00f9 profondamente interessa e appassiona Gramsci \u00e8 il problema della creazione di un nuovo Stato, dello Stato operaio,<\/p>\n","protected":false},"author":1,"featured_media":0,"parent":0,"menu_order":0,"comment_status":"closed","ping_status":"closed","template":"","meta":{"colormag_page_container_layout":"default_layout","colormag_page_sidebar_layout":"default_layout","om_disable_all_campaigns":false,"_monsterinsights_skip_tracking":false,"_monsterinsights_sitenote_active":false,"_monsterinsights_sitenote_note":"","_monsterinsights_sitenote_category":0,"_uf_show_specific_survey":0,"_uf_disable_surveys":false,"footnotes":""},"class_list":["post-49","page","type-page","status-publish","hentry"],"aioseo_notices":[],"_links":{"self":[{"href":"https:\/\/www.centrogramsci.it\/index.php?rest_route=\/wp\/v2\/pages\/49","targetHints":{"allow":["GET"]}}],"collection":[{"href":"https:\/\/www.centrogramsci.it\/index.php?rest_route=\/wp\/v2\/pages"}],"about":[{"href":"https:\/\/www.centrogramsci.it\/index.php?rest_route=\/wp\/v2\/types\/page"}],"author":[{"embeddable":true,"href":"https:\/\/www.centrogramsci.it\/index.php?rest_route=\/wp\/v2\/users\/1"}],"replies":[{"embeddable":true,"href":"https:\/\/www.centrogramsci.it\/index.php?rest_route=%2Fwp%2Fv2%2Fcomments&post=49"}],"version-history":[{"count":13,"href":"https:\/\/www.centrogramsci.it\/index.php?rest_route=\/wp\/v2\/pages\/49\/revisions"}],"predecessor-version":[{"id":428,"href":"https:\/\/www.centrogramsci.it\/index.php?rest_route=\/wp\/v2\/pages\/49\/revisions\/428"}],"wp:attachment":[{"href":"https:\/\/www.centrogramsci.it\/index.php?rest_route=%2Fwp%2Fv2%2Fmedia&parent=49"}],"curies":[{"name":"wp","href":"https:\/\/api.w.org\/{rel}","templated":true}]}}