{"id":70,"date":"2015-11-20T17:36:36","date_gmt":"2015-11-20T16:36:36","guid":{"rendered":"http:\/\/www.centrogramsci.it\/wp\/?page_id=70"},"modified":"2016-09-24T19:31:53","modified_gmt":"2016-09-24T17:31:53","slug":"classici-della-politica","status":"publish","type":"page","link":"https:\/\/www.centrogramsci.it\/?page_id=70","title":{"rendered":"CLASSICI DELLA POLITICA"},"content":{"rendered":"<p style=\"text-align: justify;\"><span style=\"font-family: tahoma, arial, helvetica, sans-serif; font-size: 10pt;\"><span style=\"color: #ff0000;\"><strong>Titolo:<\/strong><\/span>\u00a0<a href=\"https:\/\/www.centrogramsci.it\/edizioni\/pdf\/imperialismo_lenin.pdf\" target=\"_blank\"><span style=\"color: #000000;\"><strong><em>L&#8217;IMPERIALISMO COME FASE SUPREMA DEL CAPITALISMO<\/em><\/strong><\/span><\/a><\/span><\/p>\n<p style=\"text-align: justify;\"><span style=\"font-family: tahoma, arial, helvetica, sans-serif; font-size: 10pt;\"><strong><span style=\"color: #ff0000;\">Autore:<\/span>\u00a0<span style=\"color: #000000;\">Vladimir Il&#8217;i\u010d Lenin (1870-1924)<\/span><\/strong><\/span><\/p>\n<p style=\"text-align: justify;\"><span style=\"font-family: tahoma, arial, helvetica, sans-serif; font-size: 10pt;\"><strong><span style=\"color: #ff0000;\">Editore:<\/span>\u00a0EDIZIONI GRAMSCI<\/strong><\/span><\/p>\n<p style=\"text-align: justify;\"><span style=\"font-family: tahoma, arial, helvetica, sans-serif; font-size: 10pt;\"><strong><span style=\"color: #ff0000;\">Descrizione:<\/span><\/strong>\u00a0<span style=\"color: #000000;\"><em>\u2026allorch\u00e8 Marx, mezzo secolo fa, scriveva il Capitale, la grande maggioranza degli economisti considerava la libert\u00e0 di commercio una \u201clegge naturale\u201d. La scienza ufficiale ha tentato di seppellire con la congiura del silenzio l\u2019opera di Marx, che mediante l\u2019analisi teorica e storica del capitalismo, ha dimostrato come la libera concorrenza determini la concentrazione della produzione, e come questa, a sua volta, a un certo grado di sviluppo, conduca al monopolio \u2026il grande rivolgimento ebbe inizio col crack del 1873 o pi\u00f9 esattamente con la depressione che gli tenne dietro; la quale, tranne un\u2019appena sensibile interruzione all\u2019inizio degli anni ottanta e lo slancio poderosissimo, ma di breve durata, verso il1889, per circa 22 anni riempie la storia dell\u2019economia europea. \u2026una delle pi\u00f9 redditizie operazioni del capitale finanziario \u00e8 costituita dalla speculazione fondiaria sui terreni posti nelle vicinanze di citt\u00e0 in rapido sviluppo. In questo campo il monopolio bancario si fonde col monopolio della rendita fondiara e col monopolio dei mezzi di comunicazione. \u2026 in tale campo i contratti, specialmente tra i grandi imprenditori, sono di natura tale da rasentare i limiti della corruzione , come si esprime benevolmente Schilder. Krupp in Germania, Schneider in Francia, Armstrong in Inghilterra, sono i tipi delle ditte che stanno in intimi rapporti con le grandi banche e coi governi e in occasione di prestiti non si lasciano trascurare \u2026 le associazioni monopolistiche dei capitalisti \u2013 cartelli, sindacati, trust \u2013 anzitutto spartiscono tra di loro il mercato interno e si impadroniscono della produzione del paese. Ma in regime capitalista il mercato interno \u00e8 inevitabilmente connesso col mercato estero. \u2026il mercato mondiale del petrolio \u2013 scrive Jeidels nel 1905 \u2013 sostanzialmente \u00e8 ancora ripartito tra due grandi gruppi finanziari: la Standard Oil Co. americana, di Rockefeller, e i padroni del petrolio russo di Bak\u00f9, Rotschild e Nobel.<\/em><\/span><\/span><\/p>\n<hr \/>\n<p style=\"text-align: justify;\"><span style=\"font-family: tahoma, arial, helvetica, sans-serif; font-size: 10pt;\"><strong><span style=\"color: #000000;\"><span style=\"color: #ff0000;\">Titolo:<\/span>\u00a0<a href=\"https:\/\/www.centrogramsci.it\/edizioni\/pdf\/famiglia_engels.pdf\" target=\"_blank\"><em>L&#8217;ORIGINE DELLA FAMIGLIA, DELLA PROPRIET\u00c0 PRIVATA E DELLO STATO<\/em><\/a><\/span><\/strong><\/span><\/p>\n<p style=\"text-align: justify;\"><span style=\"font-family: tahoma, arial, helvetica, sans-serif; font-size: 10pt;\"><strong><span style=\"color: #000000;\"><span style=\"color: #ff0000;\">Autore:<\/span>\u00a0Friedeich Engels\u00a0(1820-1895)<\/span><\/strong><\/span><\/p>\n<p style=\"text-align: justify;\"><span style=\"font-family: tahoma, arial, helvetica, sans-serif; font-size: 10pt;\"><strong><span style=\"color: #000000;\"><span style=\"color: #ff0000;\">Editore:<\/span>\u00a0EDIZIONI GRAMSCI<\/span><\/strong><\/span><\/p>\n<p style=\"text-align: justify;\"><span style=\"color: #ff0000; font-family: tahoma, arial, helvetica, sans-serif; font-size: 10pt;\"><strong>Descrizione:<\/strong>\u00a0<span style=\"color: #000000;\">&#8230;in allestimento<\/span><\/span><\/p>\n<hr \/>\n<p style=\"text-align: justify;\"><span style=\"color: #000000; font-family: tahoma, arial, helvetica, sans-serif; font-size: 10pt;\"><strong><span style=\"color: #ff0000;\">Titolo:<\/span>\u00a0<a href=\"https:\/\/www.centrogramsci.it\/edizioni\/pdf\/manifesto_marx-engels.pdf\" target=\"_blank\"><em>MANIFESTO DEL PARTITO COMUNISTA<\/em><\/a><\/strong><\/span><\/p>\n<p style=\"text-align: justify;\"><span style=\"color: #000000; font-family: tahoma, arial, helvetica, sans-serif; font-size: 10pt;\"><strong><span style=\"color: #ff0000;\">Autore:<\/span>\u00a0Karl Marx &#8211; Friedeich Engels (1848)<\/strong><\/span><\/p>\n<p style=\"text-align: justify;\"><span style=\"color: #000000; font-family: tahoma, arial, helvetica, sans-serif; font-size: 10pt;\"><strong><span style=\"color: #ff0000;\">Editore:<\/span>\u00a0EDIZIONI GRAMSCI<\/strong><\/span><\/p>\n<p style=\"text-align: justify;\"><span style=\"color: #000000; font-family: tahoma, arial, helvetica, sans-serif; font-size: 10pt;\"><strong><span style=\"color: #ff0000;\">Descrizione:<\/span>\u00a0<\/strong><em>&#8230;Di quando in quando gli operai vincono, ma solo in modo effimero.<\/em><br \/>\n<em>Il vero risultato delle loro lotte non \u00e8 il successo immediato, ma la unione sempre pi\u00f9 estesa degli operai. Essa \u00e8 agevolata dai crescenti mezzi di comunicazione che sono creati dalla grande industria e che collegano tra di loro operai di localit\u00e0 diverse.<\/em><br \/>\n<em>Basta questo semplice collegamento per concentrare le molte lotte locali, aventi dappertutto uguale carattere, in una lotta nazionale, in una lotta di classe.<\/em><br \/>\n<em>&#8230;Che relazione passa tra i comunisti e i proletari in generale? I comunisti non costituiscono un partito particolare di fronte agli altri partiti operai. <\/em><br \/>\n<em>Essi non hanno interessi distinti dagli interessi del proletariato nel suo insieme. <\/em><br \/>\n<em>Non erigono principi particolari, sui quali vogliano modellare il movimento proletario. <\/em><br \/>\n<em>I comunisti si distinguono dagli altri partiti proletari solamente per il fatto che da un lato, nelle varie lotte nazionali dei proletari, essi mettono in rilievo e fanno valere quegli interessi comuni dell&#8217;intero proletariato che sono indipendenti dalla nazionalit\u00e0; d&#8217;altro lato per il fatto che, nei vari stadi di sviluppo che la lotta tra proletariato e borghesia va attraversando, rappresentano sempre l&#8217;interesse del movimento complessivo. <\/em><br \/>\n<em>In pratica, dunque, i comunisti sono la parte pi\u00f9 risoluta dei partiti operai di tutti i paesi, quella che sempre spinge avanti; dal punto di vista della teoria, essi hanno un vantaggio sulla restante massa del proletariato per il fatto che conoscono le condizioni, l&#8217;andamento e i risultati generali del movimento proletario.<\/em><\/span><\/p>\n<hr \/>\n<p style=\"text-align: justify;\"><span style=\"color: #000000; font-family: tahoma, arial, helvetica, sans-serif; font-size: 10pt;\"><strong><span style=\"color: #ff0000;\">Titolo:<\/span>\u00a0<a href=\"https:\/\/www.centrogramsci.it\/edizioni\/pdf\/ideologia_tedesca.pdf\" target=\"_blank\"><em>IDEOLOGIA TEDESCA<\/em><\/a><\/strong><\/span><\/p>\n<p style=\"text-align: justify;\"><span style=\"color: #000000; font-family: tahoma, arial, helvetica, sans-serif; font-size: 10pt;\"><strong><span style=\"color: #ff0000;\">Autore:<\/span>\u00a0Karl Marx &#8211; Friedrich Engels (1820-1895)<\/strong><\/span><\/p>\n<p style=\"text-align: justify;\"><span style=\"color: #000000; font-family: tahoma, arial, helvetica, sans-serif; font-size: 10pt;\"><strong><span style=\"color: #ff0000;\">Editore:<\/span>\u00a0EDIZIONI GRAMSCI<\/strong><\/span><\/p>\n<p style=\"text-align: justify;\"><span style=\"color: #000000; font-family: tahoma, arial, helvetica, sans-serif; font-size: 10pt;\"><strong><span style=\"color: #ff0000;\">Descrizione:<\/span>\u00a0<\/strong><em>Pubblichiamo alcuni stralci dell&#8217; Ideologia tedesca di Karl Marx e Friedrich Engels.<\/em><\/span><\/p>\n<hr \/>\n<p style=\"text-align: justify;\"><span style=\"color: #000000; font-family: tahoma, arial, helvetica, sans-serif; font-size: 10pt;\"><strong><span style=\"color: #ff0000;\">Titolo:<\/span>\u00a0<a href=\"https:\/\/www.centrogramsci.it\/edizioni\/pdf\/rivoluzione_tocqueville.pdf\" target=\"_blank\"><em>LA RIVOLUZIONE<\/em><\/a><\/strong><\/span><\/p>\n<p style=\"text-align: justify;\"><span style=\"color: #000000; font-family: tahoma, arial, helvetica, sans-serif; font-size: 10pt;\"><strong><span style=\"color: #ff0000;\">Autore:<\/span>\u00a0Alexis de Tocqueville (1805 &#8211; 1859)<\/strong><\/span><\/p>\n<p style=\"text-align: justify;\"><span style=\"color: #000000; font-family: tahoma, arial, helvetica, sans-serif; font-size: 10pt;\"><strong><span style=\"color: #ff0000;\">Editore:<\/span> EDIZIONI GRAMSCI<\/strong><\/span><\/p>\n<p style=\"text-align: justify;\"><span style=\"color: #000000; font-family: tahoma, arial, helvetica, sans-serif; font-size: 10pt;\"><strong><span style=\"color: #ff0000;\">Descrizione:<\/span>\u00a0<\/strong><em>&#8230;Per la prima volta, forse, dall\u2019inizio del mondo, si vedono delle classi superiori che si sono tanto isolate e separate da tutte le altre, che si possono contare i loro membri e metterli da parte, come si separa la parte condannata di un gregge; delle classi medie, il cui sforzo non \u00e8 di unirsi alle classi superiori, ma, al contrario, di preservarsi con cura gelosa dal loro contatto: due sintomi che, se si fosse giunti a capirli, avrebbero annunciato a tutti l\u2019immensit\u00e0 della Rivoluzione che stava per compiersi o piuttosto che era gi\u00e0 fatta.<\/em><\/span><\/p>\n<hr \/>\n<p style=\"text-align: justify;\"><span style=\"color: #000000; font-family: tahoma, arial, helvetica, sans-serif; font-size: 10pt;\"><strong><span style=\"color: #ff0000;\">Titolo:<\/span> <a href=\"https:\/\/www.centrogramsci.it\/edizioni\/pdf\/principe_machiavelli.pdf\" target=\"_blank\"><em>IL PRINCIPE<\/em><\/a><\/strong><\/span><\/p>\n<p style=\"text-align: justify;\"><span style=\"color: #000000; font-family: tahoma, arial, helvetica, sans-serif; font-size: 10pt;\"><strong><span style=\"color: #ff0000;\">Autore:<\/span>\u00a0Niccol\u00f2 Machiavelli (1469 &#8211; 1527)<\/strong><\/span><\/p>\n<p style=\"text-align: justify;\"><span style=\"color: #000000; font-family: tahoma, arial, helvetica, sans-serif; font-size: 10pt;\"><strong><span style=\"color: #ff0000;\">Editore:<\/span> EDIZIONI GRAMSCI<\/strong><\/span><\/p>\n<p style=\"text-align: justify;\"><span style=\"color: #000000; font-family: tahoma, arial, helvetica, sans-serif; font-size: 10pt;\"><strong><span style=\"color: #ff0000;\">Descrizione:<\/span>\u00a0<\/strong><em>&#8230;Sogliono questi principati periclitare quando sono per salire dall&#8217;ordine civile allo assoluto; perch\u00e9 questi principi, o comandano per loro medesimi, o per mezzo de&#8217; magistrati. Nell&#8217;ultimo caso, \u00e8 pi\u00f9 debole e pi\u00f9 periculoso lo stare loro; perch\u00e9 gli stanno al tutto con la volunt\u00e0 di quelli cittadini che sono preposti a&#8217; magistrati: li quali, massime ne&#8217; tempi avversi, li possono t\u00f2rre con facilit\u00e0 grande lo stato, o con farli contro, o con non lo obedire. Et el principe non \u00e8 a tempo, ne&#8217; periculi, a pigliare l&#8217;autorit\u00e0 assoluta; perch\u00e9 li cittadini e sudditi, che sogliono avere e comandamenti da&#8217; magistrati, non sono, in quelli frangenti, per obedire a&#8217; sua; et ar\u00e0 sempre, ne&#8217; tempi dubii, penuria di chi si possa fidare.<\/em><\/span><\/p>\n<hr \/>\n<p style=\"text-align: justify;\"><span style=\"font-family: tahoma, arial, helvetica, sans-serif; font-size: 10pt;\"><strong><span style=\"color: #000000;\"><span style=\"color: #ff0000;\">Titolo:<\/span>\u00a0<a href=\"https:\/\/www.centrogramsci.it\/edizioni\/pdf\/commedia_dante.pdf\" target=\"_blank\"><em>COMMEDIA<\/em><\/a><\/span><\/strong><\/span><\/p>\n<p style=\"text-align: justify;\"><span style=\"font-family: tahoma, arial, helvetica, sans-serif; font-size: 10pt;\"><strong><span style=\"color: #000000;\"><span style=\"color: #ff0000;\">Autore:<\/span>\u00a0Dante Alighieri (1265-1321)<\/span><\/strong><\/span><\/p>\n<p style=\"text-align: justify;\"><span style=\"font-family: tahoma, arial, helvetica, sans-serif; font-size: 10pt;\"><strong><span style=\"color: #000000;\"><span style=\"color: #ff0000;\">Editore:<\/span> EDIZIONI GRAMSCI<\/span><\/strong><\/span><\/p>\n<p style=\"text-align: justify;\"><span style=\"color: #000000; font-family: tahoma, arial, helvetica, sans-serif; font-size: 10pt;\"><span style=\"color: #ff0000;\"><strong>Descrizione:<\/strong>\u00a0<\/span>La Commedia, divinizzata per sminuire la denuncia terrena dell\u2019oscuro dominio finanziario, \u00e8 riassunta da queste terzine del Canto I, prologo del poema.<\/span><\/p>\n<p style=\"text-align: justify;\"><span style=\"font-family: tahoma, arial, helvetica, sans-serif; font-size: 10pt;\"><em><span style=\"color: #000000;\">Molti son li animali a cui s\u2019ammoglia,<\/span><\/em><\/span><br \/>\n<span style=\"font-family: tahoma, arial, helvetica, sans-serif; font-size: 10pt;\"> <em><span style=\"color: #000000;\">e pi\u00f9 saranno ancora, infin che \u2018l veltro<\/span><\/em><\/span><br \/>\n<span style=\"font-family: tahoma, arial, helvetica, sans-serif; font-size: 10pt;\"> <em><span style=\"color: #000000;\">verr\u00e0, che la far\u00e0 morir con doglia.<\/span><\/em><\/span><br \/>\n<span style=\"font-family: tahoma, arial, helvetica, sans-serif; font-size: 10pt;\"> <em><span style=\"color: #000000;\">Questi non ciber\u00e0 terra n\u00e9 peltro,<\/span><\/em><\/span><br \/>\n<span style=\"font-family: tahoma, arial, helvetica, sans-serif; font-size: 10pt;\"> <em><span style=\"color: #000000;\">ma sapienza, amore e virtute,<\/span><\/em><\/span><br \/>\n<span style=\"font-family: tahoma, arial, helvetica, sans-serif; font-size: 10pt;\"> <em><span style=\"color: #000000;\">e sua nazion sar\u00e0 tra feltro e feltro.<\/span><\/em><\/span><\/p>\n<p style=\"text-align: justify;\"><span style=\"color: #000000; font-family: tahoma, arial, helvetica, sans-serif; font-size: 10pt;\">Ispirato dalle prime lotte dei Ciompi, operai tessitori fiorentini, con bellezza poetica, forza narrativa e acume politico, il genio di Dante evoca nel Veltro il potere della dittatura del proletariato.<\/span><br \/>\n<span style=\"color: #000000; font-family: tahoma, arial, helvetica, sans-serif; font-size: 10pt;\"> Questi, fraterno e sapiente, nascer\u00e0 tra l\u2019avanguardia della classe operaia e traghetter\u00e0 la societ\u00e0 dal regno della necessit\u00e0 al regno della libert\u00e0 (ACME)<\/span><\/p>\n<hr \/>\n<p style=\"text-align: justify;\"><span style=\"font-family: tahoma, arial, helvetica, sans-serif; font-size: 10pt;\"><strong><span style=\"color: #000000;\"><span style=\"color: #ff0000;\">Titolo:<\/span> <a href=\"https:\/\/www.centrogramsci.it\/classici\/pdf\/politica_aristotele.pdf\" target=\"_blank\"><em>POLITICA<\/em><\/a><\/span><\/strong><\/span><\/p>\n<p style=\"text-align: justify;\"><span style=\"font-family: tahoma, arial, helvetica, sans-serif; font-size: 10pt;\"><strong><span style=\"color: #000000;\"><span style=\"color: #ff0000;\">Autore:<\/span>\u00a0Aristotele (384 a. c. &#8211; 322 a.c.)<\/span><\/strong><\/span><\/p>\n<p style=\"text-align: justify;\"><span style=\"font-family: tahoma, arial, helvetica, sans-serif; font-size: 10pt;\"><strong><span style=\"color: #000000;\"><span style=\"color: #ff0000;\">Editore:<\/span> EDIZIONI GRAMSCI<\/span><\/strong><\/span><\/p>\n<p style=\"text-align: justify;\"><span style=\"color: #000000; font-family: tahoma, arial, helvetica, sans-serif; font-size: 10pt;\"><span style=\"color: #ff0000;\"><strong>Descrizione:<\/strong>\u00a0<\/span><em>&#8230;Poich\u00e9 in tutte le scienze e arti il fine \u00e8 un bene e il bene pi\u00f9 grande e nel pi\u00f9 alto grado si trova in quella pi\u00f9 importante di tutte, che \u00e8 appunto la scienza politica, e il bene nel campo politico \u00e8 il giusto, e con questo intendo ci\u00f2 che \u00e8 utile per il vantaggio comune, ammettono tutti che il giusto \u00e8 una forma di uguaglianza e fino a un certo punto concordano coi trattati filosofici in cui si sono stabilite conclusioni su questioni di etica (che, cio\u00e8, il giusto \u00e8 qualcosa ed \u00e8 relativo a certe persone: dicono pure che deve essere eguale in rapporto a persone uguali) ma di quali cose \u00e8 eguaglianza, di quali ineguaglianza, non si deve ignorare. La questione comporta delle difficolt\u00e0 e una ricerca filosofica in campo politico. (Politica, Libro III, Cap. 12)<\/em><\/span><\/p>\n<p style=\"text-align: justify;\"><span style=\"color: #000000; font-family: tahoma, arial, helvetica, sans-serif; font-size: 10pt;\">Filosofo della Scienza, Aristotele \u00e8 stato tra i massimi iniziatori della Scienza politica. Di lui Marx scrisse: \u00abIl genio di Aristotele risplende proprio nel fatto che egli scopre un rapporto d\u2019eguaglianza nella espressione di valore delle merci. Soltanto il limite storico della societ\u00e0 entro la quale visse gli imped\u00ec di scoprire in che cosa insomma consista \u201cin verit\u00e0\u201d questo rapporto di eguaglianza.\u00bb (Il Capitale, libro primo, volume primo.)<\/span><\/p>\n","protected":false},"excerpt":{"rendered":"<p>Titolo:\u00a0L&#8217;IMPERIALISMO COME FASE SUPREMA DEL CAPITALISMO Autore:\u00a0Vladimir Il&#8217;i\u010d Lenin (1870-1924) Editore:\u00a0EDIZIONI GRAMSCI Descrizione:\u00a0\u2026allorch\u00e8 Marx, mezzo secolo fa, scriveva il Capitale,<\/p>\n","protected":false},"author":1,"featured_media":0,"parent":0,"menu_order":0,"comment_status":"closed","ping_status":"closed","template":"","meta":{"colormag_page_container_layout":"default_layout","colormag_page_sidebar_layout":"default_layout","om_disable_all_campaigns":false,"_monsterinsights_skip_tracking":false,"_monsterinsights_sitenote_active":false,"_monsterinsights_sitenote_note":"","_monsterinsights_sitenote_category":0,"_uf_show_specific_survey":0,"_uf_disable_surveys":false,"footnotes":""},"class_list":["post-70","page","type-page","status-publish","hentry"],"aioseo_notices":[],"_links":{"self":[{"href":"https:\/\/www.centrogramsci.it\/index.php?rest_route=\/wp\/v2\/pages\/70","targetHints":{"allow":["GET"]}}],"collection":[{"href":"https:\/\/www.centrogramsci.it\/index.php?rest_route=\/wp\/v2\/pages"}],"about":[{"href":"https:\/\/www.centrogramsci.it\/index.php?rest_route=\/wp\/v2\/types\/page"}],"author":[{"embeddable":true,"href":"https:\/\/www.centrogramsci.it\/index.php?rest_route=\/wp\/v2\/users\/1"}],"replies":[{"embeddable":true,"href":"https:\/\/www.centrogramsci.it\/index.php?rest_route=%2Fwp%2Fv2%2Fcomments&post=70"}],"version-history":[{"count":4,"href":"https:\/\/www.centrogramsci.it\/index.php?rest_route=\/wp\/v2\/pages\/70\/revisions"}],"predecessor-version":[{"id":430,"href":"https:\/\/www.centrogramsci.it\/index.php?rest_route=\/wp\/v2\/pages\/70\/revisions\/430"}],"wp:attachment":[{"href":"https:\/\/www.centrogramsci.it\/index.php?rest_route=%2Fwp%2Fv2%2Fmedia&parent=70"}],"curies":[{"name":"wp","href":"https:\/\/api.w.org\/{rel}","templated":true}]}}